{"id":2247,"date":"2022-07-11T04:55:37","date_gmt":"2022-07-11T04:55:37","guid":{"rendered":"https:\/\/al-burnec.com\/kontakt\/"},"modified":"2025-08-07T09:16:13","modified_gmt":"2025-08-07T09:16:13","slug":"kontakt","status":"publish","type":"page","link":"https:\/\/al-burnec.com\/de\/kontakt\/","title":{"rendered":"Kontakt"},"content":{"rendered":"<!--themify_builder_content-->\n<div id=\"themify_builder_content-2247\" data-postid=\"2247\" class=\"themify_builder_content themify_builder_content-2247 themify_builder tf_clear\">\n                    <div  data-css_id=\"00zc988\" data-lazy=\"1\" class=\"module_row themify_builder_row fullwidth tb_00zc988 tb_first tf_w\">\n                        <div class=\"row_inner col_align_top tb_col_count_1 tf_box tf_rel\">\n                        <div  data-lazy=\"1\" class=\"module_column tb-column col-full tb_m4il991 first\">\n                    <!-- module text -->\n<div  class=\"module module-text tb_pfr9992   \" data-lazy=\"1\">\n        <div  class=\"tb_text_wrap\">\n        <h1>Kontakt<\/h1>    <\/div>\n<\/div>\n<!-- \/module text -->        <\/div>\n                        <\/div>\n        <\/div>\n                        <div  data-lazy=\"1\" class=\"module_row themify_builder_row tb_azz3988 tf_w\">\n                        <div class=\"row_inner col_align_top tb_col_count_1 tf_box tf_rel\">\n                        <div  data-lazy=\"1\" class=\"module_column tb-column col-full tb_c8wa995 first\">\n                    <!-- module fancy heading -->\n<div  class=\"module module-fancy-heading tb_9vql996  wow\" data-tf-animation=\"fadeIn\" data-lazy=\"1\">\n        <h2 class=\"fancy-heading tf_textc\">\n    <span class=\"main-head tf_block\">\n                    Wir sind f\u00fcr dich da!            <\/span>\n\n    \n    <span class=\"sub-head tf_block tf_rel\">\n                    Schick uns gerne eine Nachricht.            <\/span>\n    <\/h2>\n<\/div>\n<!-- \/module fancy heading -->\n<!-- module text -->\n<div  class=\"module module-text tb_1hab810    wow\" data-tf-animation=\"fadeInUp\" data-tf-animation_delay=\".3\" data-lazy=\"1\">\n        <div  class=\"tb_text_wrap\">\n        <p>Unsere Liebe zu den sch\u00f6nen Dingen des Lebens hat uns den Wunsch gegeben, sie mit so vielen Menschen wie m\u00f6glich zu teilen. Qualit\u00e4tszeit mit denen verbringen, die du liebst, an einem Ort, den du liebst, und dabei essen, was dir wirklich schmeckt. Das ist der Kern von allem. Wenn du uns brauchst, schreib uns einfach!   <\/p>\n<p>Ob es sich um eine Reservierung, ein zu organisierendes Event, ein Familienessen oder eine einfache Frage handelt, wir antworten immer gerne.<\/p>\n<p>\ud83d\udccd Du findest uns in Franciacorta, eingebettet in die Natur und fernab vom L\u00e4rm.<\/p>\n<p>\u2709\ufe0f Schreib uns eine E-Mail oder f\u00fcll das Formular unten auf der Seite aus.<\/p>\n<p>\ud83d\udcde M\u00f6chtest du lieber sprechen? Wir antworten dir auch \u00fcber WhatsApp und Telefon. <\/p>\n<p>&nbsp;<span style=\"font-size: 1.1em;\">Bis bald!<\/span><\/p>    <\/div>\n<\/div>\n<!-- \/module text -->        <\/div>\n                        <\/div>\n        <\/div>\n                        <div  data-lazy=\"1\" class=\"module_row themify_builder_row tb_oa9d89 tf_w\">\n                        <div class=\"row_inner col_align_top tb_col_count_1 tf_box tf_rel\">\n                        <div  data-lazy=\"1\" class=\"module_column tb-column col-full tb_mpgj90 first\">\n                    <!-- module contact -->\n<div  id=\"tb_supb531\" class=\"module module-contact tb_supb531 contact-style2  wow\" data-tf-animation=\"fadeInUp\" data-tf-animation_delay=\".6\" data-lazy=\"1\">\n    \n\t<form class=\"builder-contact\"\n\t\tid=\"tb_supb531-form\"\n\t\tmethod=\"post\"\n\t\tdata-post-id=\"2247\"\n\t\tdata-element-id=\"supb531\"\n\t\tdata-orig-id=\"2247\"\n\t>\n    <div class=\"contact-message\"><\/div>\n\t<input type=\"hidden\" id=\"bc_nonce\" name=\"bc_nonce\" value=\"70737cfd3d\" \/><input type=\"hidden\" name=\"_wp_http_referer\" value=\"\/de\/wp-json\/wp\/v2\/pages\/2247\" \/>\t<div class=\"builder-contact-fields tf_rel\">\n\t\t    \t\t    <div class=\"builder-contact-field builder-contact-field-name builder-contact-text-field\">\n\t\t\t    <label class=\"control-label\" for=\"tb_supb531-contact-name\">\n\t\t\t\t\t\t\t\t\t\t<span class=\"tb-label-span\">Name <\/span><span class=\"required\">*<\/span>\t\t\t\t<\/label>\n\t\t\t    <div class=\"control-input tf_rel\">\n\t\t\t\t    \t\t\t\t\t    <input type=\"text\" name=\"contact-name\" placeholder=\"\" id=\"tb_supb531-contact-name\" value=\"\" class=\"form-control\" required>\n\t\t\t\t    \t\t\t\t    \t\t\t    <\/div>\n\t\t<\/div>\n\t    \n\t\t    \t\t    \t\t    <div class=\"builder-contact-field builder-contact-field-extra builder-contact-text-field\">\n\t\t\t\t\n\t\t\t\t<label class=\"control-label\" for=\"field_extra_tb_supb531_0\">\n\t\t\t\t\t\n\t\t\t\t\tNachname\t\t\t\t\t\t\t\t\t\t\t<input type=\"hidden\" name=\"field_extra_name_0\" value=\"Nachname\">\n\t\t\t\t\t\t\t\t\t\t\t<span class=\"required\">*<\/span>\n\t\t\t\t\t\t\t\t\t<\/label>\n\t\t\t\t<div class=\"control-input tf_rel\">\n\t\t\t\t\t\t\t\t\t\t\t<input type=\"text\" name=\"field_extra_0\" id=\"field_extra_tb_supb531_0\" placeholder=\"Nachname\" class=\"form-control\" required>\n\t\t\t\t\t\n\t\t\t\t\t\t\t\t\t<\/div>\n\t\t    <\/div>\n\t    \n\t\t    \t\t    \t\t    <div class=\"builder-contact-field builder-contact-field-extra builder-contact-text-field builder-contact-tel-field\">\n\t\t\t\t\n\t\t\t\t<label class=\"control-label\" for=\"field_extra_tb_supb531_1\">\n\t\t\t\t\t\n\t\t\t\t\tTelefon\t\t\t\t\t\t\t\t\t\t\t<input type=\"hidden\" name=\"field_extra_name_1\" value=\"Telefon\">\n\t\t\t\t\t\t\t\t\t<\/label>\n\t\t\t\t<div class=\"control-input tf_rel\">\n\t\t\t\t\t\t\t\t\t\t\t<input type=\"tel\" name=\"field_extra_1\" id=\"field_extra_tb_supb531_1\" placeholder=\"\" class=\"form-control\">\n\t\t\t\t\t\n\t\t\t\t\t\t\t\t\t<\/div>\n\t\t    <\/div>\n\t    \n\t\t    \t\t    <div class=\"builder-contact-field builder-contact-field-email builder-contact-text-field\">\n\t\t\t    <label class=\"control-label\" for=\"tb_supb531-contact-email\">\n\t\t\t\t\t\t\t\t\t\t<span class=\"tb-label-span\">E-Mail <\/span><span class=\"required\">*<\/span>\t\t\t\t<\/label>\n\t\t\t    <div class=\"control-input tf_rel\">\n\t\t\t\t    \t\t\t\t\t    <input type=\"email\" name=\"contact-email\" placeholder=\"\" id=\"tb_supb531-contact-email\" value=\"\" class=\"form-control\" required>\n\t\t\t\t    \t\t\t\t    \t\t\t    <\/div>\n\t\t<\/div>\n\t    \n\t\t    \t\t    <div class=\"builder-contact-field builder-contact-field-message builder-contact-textarea-field\">\n\t\t\t    <label class=\"control-label\" for=\"tb_supb531-contact-message\">\n\t\t\t\t\t\t\t\t\t\t<span class=\"tb-label-span\">Schreib hier deine Nachricht <\/span><span class=\"required\">*<\/span>\t\t\t\t<\/label>\n\t\t\t    <div class=\"control-input tf_rel\">\n\t\t\t\t    \t\t\t\t\t    <textarea name=\"contact-message\" placeholder=\"\" id=\"tb_supb531-contact-message\" class=\"form-control\" required><\/textarea>\n\t\t\t\t    \t\t\t\t    \t\t\t    <\/div>\n\t\t<\/div>\n\t    \n\t\t    \t\t    \t\t    <div class=\"builder-contact-field builder-contact-field-extra builder-contact-checkbox-field\">\n\t\t\t\t\n\t\t\t\t<label class=\"control-label\">\n\t\t\t\t\t\n\t\t\t\t\t\t\t\t\t\t\t\t\t\t\t\t<input type=\"hidden\" name=\"field_extra_name_2\" value=\"\">\n\t\t\t\t\t\t\t\t\t<\/label>\n\t\t\t\t<div class=\"control-input tf_rel\">\n\t\t\t\t\t\t\t\t\t\t\t\t\t\t\t\t\t\t\t\t\t\t\t\t\t\t<label>\n\t\t\t\t\t\t\t\t\t<input type=\"checkbox\" name=\"field_extra_2[]\" value=\"Ich stimme der Verarbeitung meiner Daten zu Marketingzwecken zu. (Wenn du nicht zustimmst, kannst du die Anfrage trotzdem senden) \" class=\"form-control\">Ich stimme der Verarbeitung meiner Daten zu Marketingzwecken zu. (Wenn du nicht zustimmst, kannst du die Anfrage trotzdem senden) \t\t\t\t\t\t\t\t<\/label>\n\t\t\t\t\t\t\t\t\t\t\t\t\t\t\t\t\t\t\n\t\t\t\t\t\t\t\t\t<\/div>\n\t\t    <\/div>\n\t    \n\t\t    \t\t\n\t\t\t\t\t<div class=\"builder-contact-field builder-contact-field-gdpr\">\n\t\t\t\t<div class=\"control-label\">\n\t\t\t\t\t<div class=\"control-input tf_rel\">\n\t\t\t\t\t\t<label class=\"field-gdpr\">\n\t\t\t\t\t\t\t<input type=\"checkbox\" name=\"gdpr\" value=\"1\" required>\n\t\t\t\t\t\t\t<span>Ich habe die <a href=\"https:\/\/al-burnec.com\/privacy-policy\/\" target=\"_blank\">Datenschutzerkl\u00e4rung<\/a> zur Kenntnis genommen<\/span>\n\t\t\t\t\t\t\t<span class=\"required\">*<\/span>\n\t\t\t\t\t\t<\/label>\n\t\t\t\t\t<\/div>\n\t\t\t\t<\/div>\n\t\t\t<\/div>\n\t\t\n\t    \t\t\t<div class=\"builder-contact-field builder-contact-field-captcha\">\n\n\t\t\t\t\t\t\t\t\t<label class=\"control-label\">\n\t\t\t\t\t\t<span><\/span>\n\t\t\t\t\t\t<span class=\"required\">*<\/span>\n\t\t\t\t\t<\/label>\n\t\t\t\t\n\t\t\t\t<div class=\"control-input tf_rel\">\n                    <div class=\"themify_captcha_field g-recaptcha\" data-sitekey=\"6LfhXjAqAAAAALGHe7fceGMRS24Cu5uxMj9nWHHg\" data-ver=\"v2\"><\/div>\t\t\t\t<\/div>\n\n\t\t\t<\/div><!-- .builder-contact-field-captcha -->\n\t    \n\t    <div class=\"builder-contact-field builder-contact-field-send control-input tf_textr tf_clear tf_rel\">\n\t\t\t<button type=\"submit\" class=\"btn btn-primary\">\n\t\t\t\t<span class=\"tf_loader\"><\/span>\t\t\t\t<span class=\"tf_submit_icon\"><\/span> \n\t\t\t\tSenden\t\t\t<\/button>\n\t    <\/div>\n\t<\/div>\n    <\/form>\n    <\/div>\n<!-- \/module contact -->\n        <\/div>\n                        <\/div>\n        <\/div>\n                        <div  data-css_id=\"wujm467\" data-lazy=\"1\" class=\"module_row themify_builder_row fullwidth tb_wujm467 tf_w\">\n                        <div class=\"row_inner col_align_middle tb_col_count_2 tf_box tf_rel\">\n                        <div  data-lazy=\"1\" class=\"module_column tb-column tb_j9zg467 first\">\n                    <!-- module text -->\n<div  class=\"module module-text tb_crzo812    wow\" data-tf-animation=\"fadeInLeft\" data-lazy=\"1\">\n        <div  class=\"tb_text_wrap\">\n        <h2>Anfahrt<\/h2>    <\/div>\n<\/div>\n<!-- \/module text -->        <\/div>\n                    <div  data-lazy=\"1\" class=\"module_column tb-column tb_g9bl467 last\">\n                    <!-- module image -->\n<div  class=\"module module-image tb_abx6469 image-top   tf_mw wow\" data-tf-animation=\"fadeInDown\" data-lazy=\"1\">\n        <div class=\"image-wrap tf_rel tf_mw\">\n            <img loading=\"lazy\" decoding=\"async\" width=\"2400\" height=\"1600\" src=\"https:\/\/al-burnec.com\/wp-content\/uploads\/2024\/10\/Al-Burnec-esterno.jpg\" class=\"wp-post-image wp-image-2080\" title=\"Al-Burnec---esterno\" alt=\"Al-Burnec---esterno\" srcset=\"https:\/\/al-burnec.com\/wp-content\/uploads\/2024\/10\/Al-Burnec-esterno.jpg 2400w, https:\/\/al-burnec.com\/wp-content\/uploads\/2024\/10\/Al-Burnec-esterno-300x200.jpg 300w, https:\/\/al-burnec.com\/wp-content\/uploads\/2024\/10\/Al-Burnec-esterno-1024x683.jpg 1024w, https:\/\/al-burnec.com\/wp-content\/uploads\/2024\/10\/Al-Burnec-esterno-768x512.jpg 768w, https:\/\/al-burnec.com\/wp-content\/uploads\/2024\/10\/Al-Burnec-esterno-200x133.jpg 200w, https:\/\/al-burnec.com\/wp-content\/uploads\/2024\/10\/Al-Burnec-esterno-1536x1024.jpg 1536w, https:\/\/al-burnec.com\/wp-content\/uploads\/2024\/10\/Al-Burnec-esterno-2048x1365.jpg 2048w\" sizes=\"auto, (max-width: 2400px) 100vw, 2400px\" \/>    \n        <\/div>\n    <!-- \/image-wrap -->\n    \n        <\/div>\n<!-- \/module image -->        <\/div>\n                        <\/div>\n        <\/div>\n                        <div  data-css_id=\"74gp60\" data-lazy=\"1\" class=\"module_row themify_builder_row fullwidth tb_74gp60 tf_w\">\n                        <div class=\"row_inner col_align_middle tb_col_count_2 tf_box tf_rel\">\n                        <div  data-lazy=\"1\" class=\"module_column tb-column col4-2 tb_34fv61 first\">\n                    <!-- module box -->\n<div  class=\"module module-box tb_geo8564  wow\" data-tf-animation=\"fadeIn\" data-tf-animation_repeat=\"3\" data-lazy=\"1\">\n    <div class=\"module-box-content ui  tb_default_color\">\n                <div class=\"tb_text_wrap\"><h4>Al Burnec &#8211; Wine &amp; Dine<\/h4>\n<p>Via Bornico 32, 25030<br>Adro, BS<br>+39 030 745 0594<\/p><\/div>\n    <\/div>\n<\/div>\n<!-- \/module box -->\n        <\/div>\n                    <div  data-lazy=\"1\" class=\"module_column tb-column col4-2 tb_xgp4632 last\">\n                            <\/div>\n                        <\/div>\n        <\/div>\n                        <div  data-lazy=\"1\" class=\"module_row themify_builder_row tb_03ex918 tf_w\">\n                        <div class=\"row_inner col_align_top tb_col_count_2 tf_box tf_rel\">\n                        <div  data-lazy=\"1\" class=\"module_column tb-column col4-2 tb_ert5918 first\">\n                    <!-- module icon -->\n<div  class=\"module module-icon tb_cr74709    icon_vertical tf_textc wow\" data-tf-animation=\"fadeIn\" data-lazy=\"1\">\n\t\t\t<div class=\"module-icon-item\">\n\t\t\t\t\t\t\t\t\t\t\t\t\t\t\t\t<em class=\"tf_box\"\n\t\t\t\t\t\t\t\t\t\t\t\t style=\"color:#f7f751\"\t\t\t\t\t><svg  class=\"tf_fa tf-ti-location-pin\" xmlns:xlink=\"http:\/\/www.w3.org\/1999\/xlink\" aria-hidden=\"true\"><use href=\"#tf-ti-location-pin\" xlink:href=\"#tf-ti-location-pin\"><\/use><\/svg><\/em>\n\t\t\t\t\t\t\t\t\t\t\t\t\t\t<\/div>\n\t<\/div>\n<!-- \/module icon -->\n<!-- module text -->\n<div  class=\"module module-text tb_o3ir172    wow\" data-tf-animation=\"fadeInUp\" data-lazy=\"1\">\n        <div  class=\"tb_text_wrap\">\n        <h4>Al Burnec &#8211; Wine &amp; Dine<\/h4>\n<p>Via Bornico 32, 25030, Adro, BS<\/p>    <\/div>\n<\/div>\n<!-- \/module text -->        <\/div>\n                    <div  data-lazy=\"1\" class=\"module_column tb-column col4-2 tb_1iaw383 last\">\n                    <!-- module icon -->\n<div  class=\"module module-icon tb_5dnj383    icon_vertical tf_textc wow\" data-tf-animation=\"fadeIn\" data-tf-animation_delay=\".3\" data-lazy=\"1\">\n\t\t\t<div class=\"module-icon-item\">\n\t\t\t\t\t\t\t\t\t\t\t\t\t\t\t\t<em class=\"tf_box\"\n\t\t\t\t\t\t\t\t\t\t\t\t style=\"color:#f7f751\"\t\t\t\t\t><svg  class=\"tf_fa tf-la-phone-solid\" xmlns:xlink=\"http:\/\/www.w3.org\/1999\/xlink\" aria-hidden=\"true\"><use href=\"#tf-la-phone-solid\" xlink:href=\"#tf-la-phone-solid\"><\/use><\/svg><\/em>\n\t\t\t\t\t\t\t\t\t\t\t\t\t\t<\/div>\n\t<\/div>\n<!-- \/module icon -->\n<!-- module text -->\n<div  class=\"module module-text tb_rr0w383    wow\" data-tf-animation=\"fadeInUp\" data-tf-animation_delay=\".3\" data-lazy=\"1\">\n        <div  class=\"tb_text_wrap\">\n        <h4><span style=\"font-size: 1em;\">Ruf uns an<\/span><\/h4>\n<h4>+39 030 745 0594<\/h4>    <\/div>\n<\/div>\n<!-- \/module text -->        <\/div>\n                        <\/div>\n        <\/div>\n        <\/div>\n<!--\/themify_builder_content-->","protected":false},"excerpt":{"rendered":"<p>Kontakt Wir sind f\u00fcr dich da!Schick uns gerne eine Nachricht. Unsere Liebe zu den sch\u00f6nen Dingen des Lebens hat uns den Wunsch gegeben, sie mit so vielen Menschen wie m\u00f6glich zu teilen. Qualit\u00e4tszeit mit denen verbringen, die du liebst, an einem Ort, den du liebst, und dabei essen, was dir wirklich schmeckt. Das ist der [&hellip;]<\/p>\n","protected":false},"author":1,"featured_media":0,"parent":0,"menu_order":0,"comment_status":"closed","ping_status":"closed","template":"","meta":{"footnotes":""},"class_list":["post-2247","page","type-page","status-publish","hentry","has-post-title","has-post-date","has-post-category","has-post-tag","has-post-comment","has-post-author",""],"aioseo_notices":[],"builder_content":"<h1>Kontakt<\/h1>\n<h2>Wir sind f\u00fcr dich da!<br\/>Schick uns gerne eine Nachricht.<\/h2>\n<p>Unsere Liebe zu den sch\u00f6nen Dingen des Lebens hat uns den Wunsch gegeben, sie mit so vielen Menschen wie m\u00f6glich zu teilen. Qualit\u00e4tszeit mit denen verbringen, die du liebst, an einem Ort, den du liebst, und dabei essen, was dir wirklich schmeckt. Das ist der Kern von allem. Wenn du uns brauchst, schreib uns einfach! <\/p> <p>Ob es sich um eine Reservierung, ein zu organisierendes Event, ein Familienessen oder eine einfache Frage handelt, wir antworten immer gerne.<\/p> <p>\ud83d\udccd Du findest uns in Franciacorta, eingebettet in die Natur und fernab vom L\u00e4rm.<\/p> <p>\u2709\ufe0f Schreib uns eine E-Mail oder f\u00fcll das Formular unten auf der Seite aus.<\/p> <p>\ud83d\udcde M\u00f6chtest du lieber sprechen? Wir antworten dir auch \u00fcber WhatsApp und Telefon. <\/p> <p>&nbsp;Bis bald!<\/p>\n<form id=\"tb_supb531-form\" method=\"post\" data-post-id=\"0\" data-element-id=\"supb531\" data-orig-id=\"2247\" > <input type=\"hidden\" id=\"bc_nonce\" name=\"bc_nonce\" value=\"70737cfd3d\" \/><input type=\"hidden\" name=\"_wp_http_referer\" value=\"\/de\/wp-json\/wp\/v2\/pages\/2247\" \/> <label for=\"tb_supb531-contact-name\"> Name * <\/label> <input type=\"text\" name=\"contact-name\" placeholder=\"\" id=\"tb_supb531-contact-name\" value=\"\" required> <label for=\"field_extra_tb_supb531_0\"> Nachname <input type=\"hidden\" name=\"field_extra_name_0\" value=\"Nachname\"> * <\/label> <input type=\"text\" name=\"field_extra_0\" id=\"field_extra_tb_supb531_0\" placeholder=\"Nachname\" required> <label for=\"field_extra_tb_supb531_1\"> Telefon <input type=\"hidden\" name=\"field_extra_name_1\" value=\"Telefon\"> <\/label> <input type=\"tel\" name=\"field_extra_1\" id=\"field_extra_tb_supb531_1\" placeholder=\"\"> <label for=\"tb_supb531-contact-email\"> E-Mail * <\/label> <input type=\"email\" name=\"contact-email\" placeholder=\"\" id=\"tb_supb531-contact-email\" value=\"\" required> <label for=\"tb_supb531-contact-message\"> Schreib hier deine Nachricht * <\/label> <textarea name=\"contact-message\" placeholder=\"\" id=\"tb_supb531-contact-message\" required><\/textarea> <label> <input type=\"hidden\" name=\"field_extra_name_2\" value=\"\"> <\/label> <label> <input type=\"checkbox\" name=\"field_extra_2[]\" value=\"Ich stimme der Verarbeitung meiner Daten zu Marketingzwecken zu. (Wenn du nicht zustimmst, kannst du die Anfrage trotzdem senden) \">Ich stimme der Verarbeitung meiner Daten zu Marketingzwecken zu. (Wenn du nicht zustimmst, kannst du die Anfrage trotzdem senden) <\/label> <label> <input type=\"checkbox\" name=\"gdpr\" value=\"1\" required> Ich habe die <a href=\"https:\/\/al-burnec.com\/privacy-policy\/\" target=\"_blank\">Datenschutzerkl\u00e4rung<\/a> zur Kenntnis genommen * <\/label> \n <label> * <\/label> \n <button type=\"submit\"> Senden <\/button> <\/form>\n<h2>Anfahrt<\/h2>\n<img src=\"https:\/\/al-burnec.com\/wp-content\/uploads\/2024\/10\/Al-Burnec-esterno.jpg\" title=\"Al-Burnec---esterno\" alt=\"Al-Burnec---esterno\" srcset=\"https:\/\/al-burnec.com\/wp-content\/uploads\/2024\/10\/Al-Burnec-esterno.jpg 2400w, https:\/\/al-burnec.com\/wp-content\/uploads\/2024\/10\/Al-Burnec-esterno-300x200.jpg 300w, https:\/\/al-burnec.com\/wp-content\/uploads\/2024\/10\/Al-Burnec-esterno-1024x683.jpg 1024w, https:\/\/al-burnec.com\/wp-content\/uploads\/2024\/10\/Al-Burnec-esterno-768x512.jpg 768w, https:\/\/al-burnec.com\/wp-content\/uploads\/2024\/10\/Al-Burnec-esterno-200x133.jpg 200w, https:\/\/al-burnec.com\/wp-content\/uploads\/2024\/10\/Al-Burnec-esterno-1536x1024.jpg 1536w, https:\/\/al-burnec.com\/wp-content\/uploads\/2024\/10\/Al-Burnec-esterno-2048x1365.jpg 2048w\" sizes=\"(max-width: 2400px) 100vw, 2400px\" \/>\n<h4>Al Burnec - Wine &amp; Dine<\/h4> <p>Via Bornico 32, 25030<br>Adro, BS<br>+39 030 745 0594<\/p>\n<em style=\"color:#f7f751\" ><svg xmlns:xlink=\"http:\/\/www.w3.org\/1999\/xlink\" aria-hidden=\"true\"><use href=\"#tf-ti-location-pin\" xlink:href=\"#tf-ti-location-pin\"><\/use><\/svg><\/em>\n<h4>Al Burnec - Wine &amp; Dine<\/h4> <p>Via Bornico 32, 25030, Adro, BS<\/p>\n<em style=\"color:#f7f751\" ><svg xmlns:xlink=\"http:\/\/www.w3.org\/1999\/xlink\" aria-hidden=\"true\"><use href=\"#tf-la-phone-solid\" xlink:href=\"#tf-la-phone-solid\"><\/use><\/svg><\/em>\n<h4>Ruf uns an<\/h4> <h4>+39 030 745 0594<\/h4>","_links":{"self":[{"href":"https:\/\/al-burnec.com\/de\/wp-json\/wp\/v2\/pages\/2247","targetHints":{"allow":["GET"]}}],"collection":[{"href":"https:\/\/al-burnec.com\/de\/wp-json\/wp\/v2\/pages"}],"about":[{"href":"https:\/\/al-burnec.com\/de\/wp-json\/wp\/v2\/types\/page"}],"author":[{"embeddable":true,"href":"https:\/\/al-burnec.com\/de\/wp-json\/wp\/v2\/users\/1"}],"replies":[{"embeddable":true,"href":"https:\/\/al-burnec.com\/de\/wp-json\/wp\/v2\/comments?post=2247"}],"version-history":[{"count":2,"href":"https:\/\/al-burnec.com\/de\/wp-json\/wp\/v2\/pages\/2247\/revisions"}],"predecessor-version":[{"id":2249,"href":"https:\/\/al-burnec.com\/de\/wp-json\/wp\/v2\/pages\/2247\/revisions\/2249"}],"wp:attachment":[{"href":"https:\/\/al-burnec.com\/de\/wp-json\/wp\/v2\/media?parent=2247"}],"curies":[{"name":"wp","href":"https:\/\/api.w.org\/{rel}","templated":true}]}}