{"id":2284,"date":"2024-08-22T12:00:40","date_gmt":"2024-08-22T12:00:40","guid":{"rendered":"https:\/\/al-burnec.com\/reservierungen\/"},"modified":"2025-08-07T09:28:50","modified_gmt":"2025-08-07T09:28:50","slug":"reservierungen","status":"publish","type":"page","link":"https:\/\/al-burnec.com\/de\/reservierungen\/","title":{"rendered":"Reservierungen"},"content":{"rendered":"<!--themify_builder_content-->\n<div id=\"themify_builder_content-2284\" data-postid=\"2284\" class=\"themify_builder_content themify_builder_content-2284 themify_builder tf_clear\">\n                    <div  data-css_id=\"2dgr004\" data-lazy=\"1\" class=\"module_row themify_builder_row fullwidth tb_2dgr004 tb_first tf_w\">\n                        <div class=\"row_inner col_align_top tb_col_count_1 tf_box tf_rel\">\n                        <div  data-lazy=\"1\" class=\"module_column tb-column col-full tb_bw8o202 first\">\n                    <!-- module text -->\n<div  class=\"module module-text tb_mxpz004   \" data-lazy=\"1\">\n        <div  class=\"tb_text_wrap\">\n        <h1>Jetzt buchen<\/h1>    <\/div>\n<\/div>\n<!-- \/module text -->        <\/div>\n                        <\/div>\n        <\/div>\n                        <div  data-lazy=\"1\" class=\"module_row themify_builder_row tb_ylfr045 tf_w\">\n                        <div class=\"row_inner col_align_top tb_col_count_1 tf_box tf_rel\">\n                        <div  data-lazy=\"1\" class=\"module_column tb-column col-full tb_kjgo402 first\">\n                    <!-- module fancy heading -->\n<div  class=\"module module-fancy-heading tb_kvpi757  wow\" data-tf-animation=\"fadeIn\" data-lazy=\"1\">\n        <h2 class=\"fancy-heading tf_textc\">\n    <span class=\"main-head tf_block\">\n                    Genie\u00dfen Sie einen entspannten Abend            <\/span>\n\n    \n    <span class=\"sub-head tf_block tf_rel\">\n                    W\u00e4hlen Sie wann und mit wem. Wir k\u00fcmmern uns um den Rest.             <\/span>\n    <\/h2>\n<\/div>\n<!-- \/module fancy heading -->\n<!-- module text -->\n<div  class=\"module module-text tb_82pu786   \" data-lazy=\"1\">\n        <div  class=\"tb_text_wrap\">\n        <p style=\"text-align: justify;\"><span style=\"font-size: 1em;\">Ob ein Mittagessen in unserem Restaurant inmitten der Landschaft, ein Abendessen mit Freunden oder ein besonderes Ereignis wie ein Geburtstag oder eine Feier, Sie k\u00f6nnen Ihren Tisch direkt hier reservieren.&nbsp;<\/span><span style=\"font-size: 1em;\">F\u00fcllen Sie das Formular am Ende der Seite aus und geben Sie Datum, Uhrzeit und Personenzahl an. Unser Team wird Sie so schnell wie m\u00f6glich kontaktieren, um die Verf\u00fcgbarkeit zu best\u00e4tigen. <\/span><\/p>\n<p style=\"text-align: justify;\">F\u00fcr spezielle Anfragen (Unvertr\u00e4glichkeiten, Hochst\u00fchle, Au\u00dfenbereiche oder personalisierte Men\u00fcs) k\u00f6nnen Sie uns auch direkt \u00fcber WhatsApp oder per E-Mail schreiben: Alle Kontakte finden Sie im entsprechenden Bereich.&nbsp;<span style=\"font-size: 1em;\">Al Burnec ist mehr als nur ein Restaurant: Es ist ein offenes Haus in der Natur, wo jedes Erlebnis ma\u00dfgeschneidert f\u00fcr Sie ist. Buchen Sie jetzt und lassen Sie sich \u00fcberraschen. <\/span><\/p>    <\/div>\n<\/div>\n<!-- \/module text --><!-- module plain text -->\n<div  class=\"module module-plain-text tb_cqne523 \" data-lazy=\"1\">\n        <div class=\"tb_text_wrap\">\n    \n\t<script type=\"text\/javascript\">\n        var ajaxurl = 'https:\/\/al-burnec.com\/wp-admin\/admin-ajax.php';\n    <\/script>\n\n    <style>.rtb-booking-form fieldset legend { color: #000000 !important; }.rtb-booking-form .add-message a { background-color: #fff800 !important; border-color: #fff800 !important; padding: 6px 12px !important; }.rtb-booking-form .add-message a:hover { background-color: #909090 !important; border-color: #909090 !important; }.rtb-booking-form .add-message a { color: #101010 !important; }.rtb-booking-form form button { background-color: #000000 !important; border-color: #000000 !important; padding: 13px 28px !important; }.rtb-booking-form form button:hover { background-color: #fff800 !important; border-color: #fff800 !important; }.rtb-booking-form form button { color: #ffffff !important; }<\/style>\n    \n<div class=\"rtb-booking-form\">\n\t\n\t\t\t<div class=\"rtb-modification-toggle\">\n\t\t\tReservierung anzeigen\/stornieren\t\t<\/div>\n\t\t<div class=\"rtb-clear\"><\/div>\n\t\t<form class=\"rtb-modification-form rtb-hidden\">\n\t\t\t<div>\n\t\t\t\tVerwenden Sie das untenstehende Formular, um Ihre Reservierung zu finden\t\t\t<\/div>\n\t\t\t<label for=\"rtb_modification_email\">\n\t\t\t\tEmail:\t\t\t\t<input type=\"email\" name=\"rtb_modification_email\">\n\t\t\t<\/label>\n\t\t\t\t\t\t\t<label for=\"rtb_modification_code\">\n\t\t\t\t\tCode-Anpassung:\t\t\t\t\t<input type=\"text\" name=\"rtb_modification_code\">\n\t\t\t\t<\/label>\n\t\t\t\t\t\t<div class=\"rtb-find-reservation-button-div\">\n\t\t\t\t<div class=\"rtb-find-reservation-button\">\n\t\t\t\t\tReservierungen finden\t\t\t\t<\/div>\n\t\t\t<\/div>\n\t\t\t<div class=\"rtb-bookings-results\"><\/div>\n\t\t<\/form>\n\t\n\t\n\t\n\t<form method=\"POST\" action=\"\" class=\"rtb-booking-form-form\">\n\t\t<input type=\"hidden\" name=\"action\" value=\"booking_request\">\n\n\t\t\n\t\t\n\t\t\n\t\t\t\t<fieldset class=\"reservation\">\n\n\t\t\t\t\t\t<legend >\n\t\t\t\tTisch reservieren\t\t\t<\/legend>\n\t\t\t\n\t\t\t\n\t<div class=\"rtb-text date\">\n\t\t\t\t<label for=\"rtb-date\">\n\t\t\tWann\t\t<\/label>\n\t\t<input type=\"text\" name=\"rtb-date\" id=\"rtb-date\" value=\"\" required aria-required=\"true\">\n\t<\/div>\n\n\t\n\t<div class=\"rtb-text time\">\n\t\t\t\t<label for=\"rtb-time\">\n\t\t\tUm wie viel Uhr?\t\t<\/label>\n\t\t<input type=\"text\" name=\"rtb-time\" id=\"rtb-time\" value=\"\" required aria-required=\"true\">\n\t<\/div>\n\n\t\n\t<div class=\"rtb-select party\">\n\t\t\t\t<label for=\"rtb-party\">\n\t\t\tPersonen\t\t<\/label>\n\t\t<select name=\"rtb-party\" id=\"rtb-party\" required aria-required=\"true\"  data-selected=\"\">\n\t\t\t\t\t\t\t\t\t<option value=\"1\" >1<\/option>\n\t\t\t\t\t\t<option value=\"2\" >2<\/option>\n\t\t\t\t\t\t<option value=\"3\" >3<\/option>\n\t\t\t\t\t\t<option value=\"4\" >4<\/option>\n\t\t\t\t\t\t<option value=\"5\" >5<\/option>\n\t\t\t\t\t\t<option value=\"6\" >6<\/option>\n\t\t\t\t\t\t<option value=\"7\" >7<\/option>\n\t\t\t\t\t\t<option value=\"8\" >8<\/option>\n\t\t\t\t\t<\/select>\n\t<\/div>\n\n\t\t\t<\/fieldset>\n\t\t\t\t<fieldset class=\"rtb-contact\">\n\n\t\t\t\t\t\t<legend >\n\t\t\t\tKontaktdaten\t\t\t<\/legend>\n\t\t\t\n\t\t\t\n\t<div class=\"rtb-text name\">\n\t\t\t\t<label for=\"rtb-name\">\n\t\t\tName\t\t<\/label>\n\t\t<input type=\"text\" name=\"rtb-name\" id=\"rtb-name\" value=\"\" required aria-required=\"true\">\n\t<\/div>\n\n\t\n\t<div class=\"rtb-text email\">\n\t\t\t\t<label for=\"rtb-email\">\n\t\t\tE-Mail\t\t<\/label>\n\t\t<input type=\"email\" name=\"rtb-email\" id=\"rtb-email\" value=\"\" required aria-required=\"true\">\n\t<\/div>\n\n\t\n\t<div class=\"rtb-text phone\">\n\t\t\t\t<label for=\"rtb-phone\">\n\t\t\tTelefonnummer\t\t<\/label>\n\t\t<input type=\"tel\" name=\"rtb-phone\" id=\"rtb-phone\" value=\"\">\n\t<\/div>\n\n\t\n\t<div class=\"add-message\">\n\t\t<a href=\"#\">\n\t\t\tNachricht hinzuf\u00fcgen\t\t<\/a>\n\t<\/div>\n\n\t\n\t<div class=\"rtb-textarea message\">\n\t\t\t\t<label for=\"rtb-message\">\n\t\t\tMeldung\t\t<\/label>\n\t\t<textarea name=\"rtb-message\" id=\"rtb-message\"><\/textarea>\n\t<\/div>\n\n\t\t\t<\/fieldset>\n\t\t\t\t<fieldset class=\"consent\">\n\n\t\t\t\n\t\t\t\n\t<div class=\"rtb-confirm consent-statement\">\n\t\t\t\t<label for=\"rtb-consent-statement\">\n\t\t\t<input type=\"checkbox\" name=\"rtb-consent-statement\" id=\"rtb-consent-statement\" value=\"1\"  required aria-required=\"true\">\n\t\t\tConsento al trattamento dei miei dati personali NON a scopo di marketing ma solo per eseguire la prenotazione.  <a href=\"https:\/\/al-burnec.com\/privacy-policy\/\">Privacy Policy<\/a>\t\t<\/label>\n\t<\/div>\n\n\t\t\t<\/fieldset>\n\t\t\n\t\t\n\t\t<fieldset class=\"rtb-form-footer\">\n\t\t\t<div id='rtb_recaptcha'><\/div>\n\t\t\t\n\t\t\t<div class=\"rtb-form-submit\"><button type=\"submit\">Buchung anfragen<\/button><\/div>\t\t<\/fieldset>\n\n\n\t<\/form>\n\n\t\n\t\n\t<\/div>\n\n\t    <\/div>\n<\/div>\n<!-- \/module plain text -->        <\/div>\n                        <\/div>\n        <\/div>\n                        <div  data-lazy=\"1\" class=\"module_row themify_builder_row tb_b1sk524 tf_w\">\n                        <div class=\"row_inner col_align_top tb_col_count_1 tf_box tf_rel\">\n                        <div  data-lazy=\"1\" class=\"module_column tb-column col-full tb_mgg6524 first\">\n                            <div  data-lazy=\"1\" class=\"module_subrow themify_builder_sub_row tf_w col_align_top tb_col_count_4 tb_8f9b524\">\n                <div  data-lazy=\"1\" class=\"module_column sub_column col4-1 tb_jfp4524 first\">\n                    <!-- module text -->\n<div  class=\"module module-text tb_bml8524    wow\" data-tf-animation=\"fadeIn\" data-lazy=\"1\">\n        <div  class=\"tb_text_wrap\">\n        <p>10K+<\/p>    <\/div>\n<\/div>\n<!-- \/module text --><!-- module text -->\n<div  class=\"module module-text tb_t6oe524    wow\" data-tf-animation=\"fadeInUp\" data-lazy=\"1\">\n        <div  class=\"tb_text_wrap\">\n        <h5>G\u00e4ste<\/h5>\n<p>Wir haben \u00fcber 10.000 Personen bei Veranstaltungen und im t\u00e4glichen Restaurantbetrieb bedient und beherbergt.<\/p>    <\/div>\n<\/div>\n<!-- \/module text -->        <\/div>\n                    <div  data-lazy=\"1\" class=\"module_column sub_column col4-1 tb_rqu8524\">\n                    <!-- module text -->\n<div  class=\"module module-text tb_exjh524    wow\" data-tf-animation=\"fadeIn\" data-tf-animation_delay=\".3\" data-lazy=\"1\">\n        <div  class=\"tb_text_wrap\">\n        <p>19+<\/p>    <\/div>\n<\/div>\n<!-- \/module text --><!-- module text -->\n<div  class=\"module module-text tb_fsel524    wow\" data-tf-animation=\"fadeInUp\" data-tf-animation_delay=\".3\" data-lazy=\"1\">\n        <div  class=\"tb_text_wrap\">\n        <h5>Jahre der Aktivit\u00e4t<\/h5>\n<p>Seit 2006 ist unser Anwesen ge\u00f6ffnet und aktiv <\/p>    <\/div>\n<\/div>\n<!-- \/module text -->        <\/div>\n                    <div  data-lazy=\"1\" class=\"module_column sub_column col4-1 tb_n05t524\">\n                    <!-- module text -->\n<div  class=\"module module-text tb_i5rk524    wow\" data-tf-animation=\"fadeIn\" data-tf-animation_delay=\".6\" data-lazy=\"1\">\n        <div  class=\"tb_text_wrap\">\n        <p>120+<\/p>    <\/div>\n<\/div>\n<!-- \/module text --><!-- module text -->\n<div  class=\"module module-text tb_dz10524    wow\" data-tf-animation=\"fadeInUp\" data-tf-animation_delay=\".6\" data-lazy=\"1\">\n        <div  class=\"tb_text_wrap\">\n        <h5>Hochzeiten und Veranstaltungen<\/h5>\n<p>Wir haben in den letzten 3 Jahren \u00fcber 120 Hochzeiten organisiert und ausgerichtet.<\/p>    <\/div>\n<\/div>\n<!-- \/module text -->        <\/div>\n                    <div  data-lazy=\"1\" class=\"module_column sub_column col4-1 tb_18tr524 last\">\n                    <!-- module text -->\n<div  class=\"module module-text tb_3pdy524    wow\" data-tf-animation=\"fadeIn\" data-tf-animation_delay=\"1\" data-lazy=\"1\">\n        <div  class=\"tb_text_wrap\">\n        <p>20+<\/p>    <\/div>\n<\/div>\n<!-- \/module text --><!-- module text -->\n<div  class=\"module module-text tb_1att524    wow\" data-tf-animation=\"fadeInUp\" data-tf-animation_delay=\"1\" data-lazy=\"1\">\n        <div  class=\"tb_text_wrap\">\n        <h5>Personen <\/h5>\n<p>Mehr als 20 Personen arbeiten mit uns zusammen, um all unsere Aktivit\u00e4ten zu erm\u00f6glichen. <\/p>    <\/div>\n<\/div>\n<!-- \/module text -->        <\/div>\n                    <\/div>\n                <\/div>\n                        <\/div>\n        <\/div>\n                        <div  data-css_id=\"rvzd774\" data-lazy=\"1\" class=\"module_row themify_builder_row fullheight fullwidth_row_container tb_rvzd774 tf_w\">\n            <span  class=\"builder_row_cover tf_abs\" data-lazy=\"1\"><\/span>            <div class=\"row_inner col_align_top tb_col_count_1 tf_box tf_rel\">\n                        <div  data-lazy=\"1\" class=\"module_column tb-column col-full tb_qahb774 first\">\n                    <!-- module text -->\n<div  class=\"module module-text tb_u2ye774   \" data-lazy=\"1\">\n        <div  class=\"tb_text_wrap\">\n        <h1>BESUCHEN SIE UNS<\/h1>    <\/div>\n<\/div>\n<!-- \/module text --><!-- module text -->\n<div  class=\"module module-text tb_nfpd774   \" data-lazy=\"1\">\n        <div  class=\"tb_text_wrap\">\n        <p>Wir erwarten Sie<\/p>    <\/div>\n<\/div>\n<!-- \/module text -->        <\/div>\n                        <\/div>\n        <\/div>\n        <\/div>\n<!--\/themify_builder_content-->","protected":false},"excerpt":{"rendered":"<p>Jetzt buchen Genie\u00dfen Sie einen entspannten AbendW\u00e4hlen Sie wann und mit wem. Wir k\u00fcmmern uns um den Rest. Ob ein Mittagessen in unserem Restaurant inmitten der Landschaft, ein Abendessen mit Freunden oder ein besonderes Ereignis wie ein Geburtstag oder eine Feier, Sie k\u00f6nnen Ihren Tisch direkt hier reservieren.&nbsp;F\u00fcllen Sie das Formular am Ende der Seite [&hellip;]<\/p>\n","protected":false},"author":1,"featured_media":0,"parent":0,"menu_order":0,"comment_status":"closed","ping_status":"closed","template":"","meta":{"footnotes":""},"class_list":["post-2284","page","type-page","status-publish","hentry","has-post-title","has-post-date","has-post-category","has-post-tag","has-post-comment","has-post-author",""],"aioseo_notices":[],"builder_content":"<h1>Jetzt buchen<\/h1>\n<h2>Genie\u00dfen Sie einen entspannten Abend<br\/>W\u00e4hlen Sie wann und mit wem. Wir k\u00fcmmern uns um den Rest. <\/h2>\n<p style=\"text-align: justify;\">Ob ein Mittagessen in unserem Restaurant inmitten der Landschaft, ein Abendessen mit Freunden oder ein besonderes Ereignis wie ein Geburtstag oder eine Feier, Sie k\u00f6nnen Ihren Tisch direkt hier reservieren.&nbsp;F\u00fcllen Sie das Formular am Ende der Seite aus und geben Sie Datum, Uhrzeit und Personenzahl an. Unser Team wird Sie so schnell wie m\u00f6glich kontaktieren, um die Verf\u00fcgbarkeit zu best\u00e4tigen. <\/p> <p style=\"text-align: justify;\">F\u00fcr spezielle Anfragen (Unvertr\u00e4glichkeiten, Hochst\u00fchle, Au\u00dfenbereiche oder personalisierte Men\u00fcs) k\u00f6nnen Sie uns auch direkt \u00fcber WhatsApp oder per E-Mail schreiben: Alle Kontakte finden Sie im entsprechenden Bereich.&nbsp;Al Burnec ist mehr als nur ein Restaurant: Es ist ein offenes Haus in der Natur, wo jedes Erlebnis ma\u00dfgeschneidert f\u00fcr Sie ist. Buchen Sie jetzt und lassen Sie sich \u00fcberraschen. <\/p>\n[booking-form]\n<p>10K+<\/p>\n<h5>G\u00e4ste<\/h5> <p>Wir haben \u00fcber 10.000 Personen bei Veranstaltungen und im t\u00e4glichen Restaurantbetrieb bedient und beherbergt.<\/p>\n<p>19+<\/p>\n<h5>Jahre der Aktivit\u00e4t<\/h5> <p>Seit 2006 ist unser Anwesen ge\u00f6ffnet und aktiv <\/p>\n<p>120+<\/p>\n<h5>Hochzeiten und Veranstaltungen<\/h5> <p>Wir haben in den letzten 3 Jahren \u00fcber 120 Hochzeiten organisiert und ausgerichtet.<\/p>\n<p>20+<\/p>\n<h5>Personen <\/h5> <p>Mehr als 20 Personen arbeiten mit uns zusammen, um all unsere Aktivit\u00e4ten zu erm\u00f6glichen. <\/p>\n<h1>BESUCHEN SIE UNS<\/h1>\n<p>Wir erwarten Sie<\/p>","_links":{"self":[{"href":"https:\/\/al-burnec.com\/de\/wp-json\/wp\/v2\/pages\/2284","targetHints":{"allow":["GET"]}}],"collection":[{"href":"https:\/\/al-burnec.com\/de\/wp-json\/wp\/v2\/pages"}],"about":[{"href":"https:\/\/al-burnec.com\/de\/wp-json\/wp\/v2\/types\/page"}],"author":[{"embeddable":true,"href":"https:\/\/al-burnec.com\/de\/wp-json\/wp\/v2\/users\/1"}],"replies":[{"embeddable":true,"href":"https:\/\/al-burnec.com\/de\/wp-json\/wp\/v2\/comments?post=2284"}],"version-history":[{"count":3,"href":"https:\/\/al-burnec.com\/de\/wp-json\/wp\/v2\/pages\/2284\/revisions"}],"predecessor-version":[{"id":2303,"href":"https:\/\/al-burnec.com\/de\/wp-json\/wp\/v2\/pages\/2284\/revisions\/2303"}],"wp:attachment":[{"href":"https:\/\/al-burnec.com\/de\/wp-json\/wp\/v2\/media?parent=2284"}],"curies":[{"name":"wp","href":"https:\/\/api.w.org\/{rel}","templated":true}]}}